{"id":316,"date":"2025-06-04T09:20:55","date_gmt":"2025-06-04T09:20:55","guid":{"rendered":"https:\/\/radiationprotectionvr.com\/?page_id=316"},"modified":"2025-06-06T10:29:10","modified_gmt":"2025-06-06T10:29:10","slug":"impressum","status":"publish","type":"page","link":"https:\/\/radiationprotectionvr.com\/en\/impressum\/","title":{"rendered":"Imprint"},"content":{"rendered":"<div data-elementor-type=\"wp-page\" data-elementor-id=\"316\" class=\"elementor elementor-316\" data-elementor-post-type=\"page\">\n\t\t\t\t<div class=\"elementor-element elementor-element-aab734e e-flex e-con-boxed e-con e-parent\" data-id=\"aab734e\" data-element_type=\"container\" data-e-type=\"container\">\n\t\t\t\t\t<div class=\"e-con-inner\">\n\t\t\t\t<div class=\"elementor-element elementor-element-f5e717e elementor-widget elementor-widget-heading\" data-id=\"f5e717e\" data-element_type=\"widget\" data-e-type=\"widget\" data-widget_type=\"heading.default\">\n\t\t\t\t<div class=\"elementor-widget-container\">\n\t\t\t\t\t<h2 class=\"elementor-heading-title elementor-size-default\">Imprint<\/h2>\t\t\t\t<\/div>\n\t\t\t\t<\/div>\n\t\t\t\t<div class=\"elementor-element elementor-element-75431ed elementor-widget elementor-widget-text-editor\" data-id=\"75431ed\" data-element_type=\"widget\" data-e-type=\"widget\" data-widget_type=\"text-editor.default\">\n\t\t\t\t<div class=\"elementor-widget-container\">\n\t\t\t\t\t\t\t\t\t<h3><b>ANGABEN GEM\u00c4SS \u00a7 5 TM<\/b><\/h3><p>Northdocks GmbH<br \/>Niederstr. 18<br \/>D-40789 Monheim am Rhein<\/p><p>Handelsregister: HRB 76844<br \/>Registergericht: D\u00fcsseldorf<\/p><h3><b>VERTRETEN DURCH DIE GESCH\u00c4FTSF\u00dcHRER:<\/b><\/h3><p>Joachim Perschbacher<br \/>Patrick Reschke<\/p><h3><b>CONTACT<\/b><\/h3><p>Telefon: <a href=\"tel:+4921739996713\">+49 (0) 2173 9996713<\/a><br \/>E-Mail: <a href=\"mailto:kontakt@northdocks.com\">kontakt@northdocks.com<\/a><\/p><h3><b>UMSATZSTEUER-ID<\/b><\/h3><p>Umsatzsteuer-Identifikationsnummer gem\u00e4\u00df \u00a7 27 a Umsatzsteuergesetz:<br \/>DE298519758<\/p><h3><b>VERANTWORTLICH F\u00dcR DEN INHALT NACH \u00a7 55 ABS. 2 RSTV<\/b><\/h3><p>Joachim Perschbacher, Patrick Reschke<br \/>Niederstr. 18<br \/>D-40789 Monheim am Rhein<\/p><h3><b>VERBRAUCHERSTREITBEILEGUNG\/UNIVERSALSCHLICHTUNGSSTELLE<\/b><\/h3><p>Wir sind nicht bereit oder verpflichtet, an Streitbeilegungsverfahren vor einer Verbraucherschlichtungsstelle teilzunehmen.<\/p><h3><b>DIESES IMPRESSUM GILT AUCH F\u00dcR FOLGENDE SOCIAL MEDIA PROFILE:<\/b><\/h3><p><span lang=\"en-US\"><b>Facebook: <\/b><\/span><a href=\"https:\/\/de-de.facebook.com\/northdocks\"><span lang=\"en-US\">https:\/\/de-de.facebook.com\/northdocks<\/span><\/a><b><\/b><\/p><p><b>LinkedIn: <\/b><a href=\"https:\/\/de.linkedin.com\/company\/northdocks-ug\">https:\/\/de.linkedin.com\/company\/northdocks-ug<\/a><b><\/b><\/p><p><span lang=\"en-US\"><b>Twitter: <\/b><\/span><a href=\"https:\/\/twitter.com\/northdocks\"><span lang=\"en-US\">https:\/\/twitter.com\/northdocks<\/span><\/a><b><\/b><\/p><p><span lang=\"en-US\"><b>Youtube: <\/b><\/span><a href=\"https:\/\/www.youtube.com\/channel\/UCeLUvZLBZILS2amh5kGuH3A\"><span lang=\"en-US\">https:\/\/www.youtube.com\/channel\/UCeLUvZLBZILS2amh5kGuH3A<\/span><\/a><\/p>\t\t\t\t\t\t\t\t<\/div>\n\t\t\t\t<\/div>\n\t\t\t\t\t<\/div>\n\t\t\t\t<\/div>\n\t\t\t\t<\/div>","protected":false},"excerpt":{"rendered":"<p>Impressum ANGABEN GEM\u00c4SS \u00a7 5 TM Northdocks GmbHNiederstr. 18D-40789 Monheim am Rhein Handelsregister: HRB 76844Registergericht: D\u00fcsseldorf VERTRETEN DURCH DIE GESCH\u00c4FTSF\u00dcHRER: Joachim PerschbacherPatrick Reschke KONTAKT Telefon: +49 (0) 2173 9996713E-Mail: kontakt@northdocks.com UMSATZSTEUER-ID Umsatzsteuer-Identifikationsnummer gem\u00e4\u00df \u00a7 27 a Umsatzsteuergesetz:DE298519758 VERANTWORTLICH F\u00dcR DEN INHALT NACH \u00a7 55 ABS. 2 RSTV Joachim Perschbacher, Patrick ReschkeNiederstr. 18D-40789 Monheim am Rhein [&hellip;]<\/p>\n","protected":false},"author":1,"featured_media":0,"parent":0,"menu_order":0,"comment_status":"closed","ping_status":"closed","template":"","meta":{"footnotes":""},"class_list":["post-316","page","type-page","status-publish","hentry"],"_links":{"self":[{"href":"https:\/\/radiationprotectionvr.com\/en\/wp-json\/wp\/v2\/pages\/316","targetHints":{"allow":["GET"]}}],"collection":[{"href":"https:\/\/radiationprotectionvr.com\/en\/wp-json\/wp\/v2\/pages"}],"about":[{"href":"https:\/\/radiationprotectionvr.com\/en\/wp-json\/wp\/v2\/types\/page"}],"author":[{"embeddable":true,"href":"https:\/\/radiationprotectionvr.com\/en\/wp-json\/wp\/v2\/users\/1"}],"replies":[{"embeddable":true,"href":"https:\/\/radiationprotectionvr.com\/en\/wp-json\/wp\/v2\/comments?post=316"}],"version-history":[{"count":13,"href":"https:\/\/radiationprotectionvr.com\/en\/wp-json\/wp\/v2\/pages\/316\/revisions"}],"predecessor-version":[{"id":353,"href":"https:\/\/radiationprotectionvr.com\/en\/wp-json\/wp\/v2\/pages\/316\/revisions\/353"}],"wp:attachment":[{"href":"https:\/\/radiationprotectionvr.com\/en\/wp-json\/wp\/v2\/media?parent=316"}],"curies":[{"name":"wp","href":"https:\/\/api.w.org\/{rel}","templated":true}]}}